{"id":920,"date":"2023-07-30T13:30:09","date_gmt":"2023-07-30T13:30:09","guid":{"rendered":"https:\/\/jeanette-neidhardt.de\/?page_id=920"},"modified":"2023-07-30T13:30:10","modified_gmt":"2023-07-30T13:30:10","slug":"ueber-mich","status":"publish","type":"page","link":"https:\/\/jeanette-neidhardt.de\/?page_id=920","title":{"rendered":"\u00dcber mich"},"content":{"rendered":"\n<figure class=\"wp-block-image size-large\"><img loading=\"lazy\" decoding=\"async\" width=\"1024\" height=\"683\" src=\"https:\/\/jeanette-neidhardt.de\/wp-content\/uploads\/2023\/07\/DSC_4318-1024x683.jpg\" alt=\"\" class=\"wp-image-921\" srcset=\"https:\/\/jeanette-neidhardt.de\/wp-content\/uploads\/2023\/07\/DSC_4318-1024x683.jpg 1024w, https:\/\/jeanette-neidhardt.de\/wp-content\/uploads\/2023\/07\/DSC_4318-300x200.jpg 300w, https:\/\/jeanette-neidhardt.de\/wp-content\/uploads\/2023\/07\/DSC_4318-768x512.jpg 768w, https:\/\/jeanette-neidhardt.de\/wp-content\/uploads\/2023\/07\/DSC_4318-1536x1024.jpg 1536w, https:\/\/jeanette-neidhardt.de\/wp-content\/uploads\/2023\/07\/DSC_4318-2048x1365.jpg 2048w, https:\/\/jeanette-neidhardt.de\/wp-content\/uploads\/2023\/07\/DSC_4318-940x627.jpg 940w, https:\/\/jeanette-neidhardt.de\/wp-content\/uploads\/2023\/07\/DSC_4318-400x267.jpg 400w\" sizes=\"auto, (max-width: 1024px) 100vw, 1024px\" \/><\/figure>\n\n\n\n<p>Ich und meine Kamera&#8230; wenn ich zur\u00fcckdenke, begleitet sie mich schon mein Leben lang &#8211; mal mehr mal weniger. <\/p>\n\n\n\n<p>Egal ob es die Spiegelreflexkamera meines Vaters war, welche mich als Kind bereits fasziniert hatte und dann der erste Fotokurs in der Schule, in dem ich noch lernte schwarz-wei\u00df Fotos selbst zu entwickeln (ja, genau in der Dunkelkammer mit Filmen und Belichtung&#8230;)<\/p>\n\n\n\n<p>Mein erstes verdientes Geld wurde in eine Nikon F301 investiert. Ich habe unz\u00e4hlige Fotos meiner Kinder in Boxen archiviert. Zu meinem 40. Geburtstag schenkte ich mir meine erste Digitalkamera und ihr folgten eine weitere. <\/p>\n\n\n\n<p>Aber es kommt nicht auf die Kamera an, sondern auf den Blick und das erkennen des Moments, oder des Details. Und ich liebe es auch mit dem Iphone genau in diesem Moment da zu sein. <\/p>\n\n\n\n<p>Berufsbedingt, als <a href=\"http:\/\/www.raumgeschichten.eu\">Interior Designerin<\/a>,  bin ich immer im Abgleichen, passt das, sind die Proportionen stimmig, wie passt Material, Farbe, Struktur, Licht und Stimmung zusammen und genau mit diesem geschulten Auge fotografiere ich auch am liebsten. <\/p>\n\n\n\n<p>Meine Lieblingsmotive f\u00fcr meine Bildgeschichten: Meine Baustellen, Die Natur, Der Moment, Die Struktur&#8230;<\/p>\n\n\n\n<p>Selbst wenn ich im ersten Moment nicht wei\u00df, was ich fotografieren will, es ben\u00f6tigt einen Moment bis sich meine Wahrnehmung auf meine Umgebung eingestellt hat. Und auf einmal sehe ich Details, Momente, Lichtreflexe&#8230;<\/p>\n\n\n\n<p>&#8230;. und genau diese ergeben meine Fotografien. <\/p>\n\n\n\n<p>Mit der Kunst der Bildbearbeitung arbeite ich intuitiv meine Fotografien im Detail aus, das kann manchmal l\u00e4nger dauern, bis ich wei\u00df, jetzt ist es gut.<\/p>\n\n\n\n<p>Viel Freude am betrachten meiner Fotografien<\/p>\n\n\n\n<p>Deine<\/p>\n\n\n\n<p>Jeanette Neidhardt-Rosenberger<\/p>\n\n\n\n<p>Zuhause bin ich in Stuttgart, wo ich in einem Vorort mit meiner Familie lebe und arbeite. Ich bin seit mehr als 30 Jahren selbstst\u00e4ndig als Interior Designerin, Lichtplanerin, Feng Shui Beraterin und Expertin f\u00fcr Wohn- und Architekturpsychologie und f\u00fchre zusammen mit meinem Mann unser Architekturb\u00fcro <a href=\"http:\/\/www.rosenberger-neidhardt.de\">ROSENBERGER + NEIDHARDT<\/a>.<\/p>\n\n\n\n<p><\/p>\n","protected":false},"excerpt":{"rendered":"<p>Ich und meine Kamera&#8230; wenn ich zur\u00fcckdenke, begleitet sie mich schon mein Leben lang &#8211; mal mehr mal weniger. Egal ob es die Spiegelreflexkamera meines Vaters war, welche mich als Kind bereits fasziniert hatte und dann der erste Fotokurs in der Schule, in dem ich noch lernte schwarz-wei\u00df Fotos selbst zu entwickeln (ja, genau in&#46;&#46;&#46;<\/p>\n","protected":false},"author":1,"featured_media":0,"parent":0,"menu_order":0,"comment_status":"closed","ping_status":"closed","template":"","meta":{"footnotes":""},"class_list":["post-920","page","type-page","status-publish","hentry"],"yoast_head":"<!-- This site is optimized with the Yoast SEO plugin v19.11 - https:\/\/yoast.com\/wordpress\/plugins\/seo\/ -->\n<title>\u00dcber mich &#8902; Jeanette Neidhardt-Rosenberger - BILDGESCHICHTEN<\/title>\n<meta name=\"description\" content=\"Jeanette Neidhardt-Rosenberger Fotografie Bildgeschichten - Momente und Details - Work in Progress und Natur\" \/>\n<meta name=\"robots\" content=\"index, follow, max-snippet:-1, max-image-preview:large, max-video-preview:-1\" \/>\n<link rel=\"canonical\" href=\"https:\/\/jeanette-neidhardt.de\/?page_id=920\" \/>\n<meta property=\"og:locale\" content=\"de_DE\" \/>\n<meta property=\"og:type\" content=\"article\" \/>\n<meta property=\"og:title\" content=\"\u00dcber mich &#8902; Jeanette Neidhardt-Rosenberger - BILDGESCHICHTEN\" \/>\n<meta property=\"og:description\" content=\"Jeanette Neidhardt-Rosenberger Fotografie Bildgeschichten - Momente und Details - Work in Progress und Natur\" \/>\n<meta property=\"og:url\" content=\"https:\/\/jeanette-neidhardt.de\/?page_id=920\" \/>\n<meta property=\"og:site_name\" content=\"Jeanette Neidhardt-Rosenberger - BILDGESCHICHTEN\" \/>\n<meta property=\"article:modified_time\" content=\"2023-07-30T13:30:10+00:00\" \/>\n<meta property=\"og:image\" content=\"https:\/\/jeanette-neidhardt.de\/wp-content\/uploads\/2023\/07\/DSC_4318-1024x683.jpg\" \/>\n<meta name=\"twitter:card\" content=\"summary_large_image\" \/>\n<meta name=\"twitter:label1\" content=\"Gesch\u00e4tzte Lesezeit\" \/>\n\t<meta name=\"twitter:data1\" content=\"2\u00a0Minuten\" \/>\n<script type=\"application\/ld+json\" class=\"yoast-schema-graph\">{\"@context\":\"https:\/\/schema.org\",\"@graph\":[{\"@type\":\"WebPage\",\"@id\":\"https:\/\/jeanette-neidhardt.de\/?page_id=920\",\"url\":\"https:\/\/jeanette-neidhardt.de\/?page_id=920\",\"name\":\"\u00dcber mich &#8902; Jeanette Neidhardt-Rosenberger - BILDGESCHICHTEN\",\"isPartOf\":{\"@id\":\"https:\/\/jeanette-neidhardt.de\/#website\"},\"datePublished\":\"2023-07-30T13:30:09+00:00\",\"dateModified\":\"2023-07-30T13:30:10+00:00\",\"description\":\"Jeanette Neidhardt-Rosenberger Fotografie Bildgeschichten - Momente und Details - Work in Progress und Natur\",\"breadcrumb\":{\"@id\":\"https:\/\/jeanette-neidhardt.de\/?page_id=920#breadcrumb\"},\"inLanguage\":\"de\",\"potentialAction\":[{\"@type\":\"ReadAction\",\"target\":[\"https:\/\/jeanette-neidhardt.de\/?page_id=920\"]}]},{\"@type\":\"BreadcrumbList\",\"@id\":\"https:\/\/jeanette-neidhardt.de\/?page_id=920#breadcrumb\",\"itemListElement\":[{\"@type\":\"ListItem\",\"position\":1,\"name\":\"Startseite\",\"item\":\"https:\/\/jeanette-neidhardt.de\/\"},{\"@type\":\"ListItem\",\"position\":2,\"name\":\"\u00dcber mich\"}]},{\"@type\":\"WebSite\",\"@id\":\"https:\/\/jeanette-neidhardt.de\/#website\",\"url\":\"https:\/\/jeanette-neidhardt.de\/\",\"name\":\"Jeanette Neidhardt-Rosenberger - BILDGESCHICHTEN\",\"description\":\"Fotografie - Kunst\",\"publisher\":{\"@id\":\"https:\/\/jeanette-neidhardt.de\/#\/schema\/person\/917ead8f6da188cc1733c3d21e85badc\"},\"potentialAction\":[{\"@type\":\"SearchAction\",\"target\":{\"@type\":\"EntryPoint\",\"urlTemplate\":\"https:\/\/jeanette-neidhardt.de\/?s={search_term_string}\"},\"query-input\":\"required name=search_term_string\"}],\"inLanguage\":\"de\"},{\"@type\":[\"Person\",\"Organization\"],\"@id\":\"https:\/\/jeanette-neidhardt.de\/#\/schema\/person\/917ead8f6da188cc1733c3d21e85badc\",\"name\":\"Jnr06\",\"image\":{\"@type\":\"ImageObject\",\"inLanguage\":\"de\",\"@id\":\"https:\/\/jeanette-neidhardt.de\/#\/schema\/person\/image\/\",\"url\":\"https:\/\/secure.gravatar.com\/avatar\/92fd328eaa01431c3faac6d5392d9273399409f32158d6cf662a4d849b0818d6?s=96&d=mm&r=g\",\"contentUrl\":\"https:\/\/secure.gravatar.com\/avatar\/92fd328eaa01431c3faac6d5392d9273399409f32158d6cf662a4d849b0818d6?s=96&d=mm&r=g\",\"caption\":\"Jnr06\"},\"logo\":{\"@id\":\"https:\/\/jeanette-neidhardt.de\/#\/schema\/person\/image\/\"}}]}<\/script>\n<!-- \/ Yoast SEO plugin. -->","yoast_head_json":{"title":"\u00dcber mich &#8902; Jeanette Neidhardt-Rosenberger - BILDGESCHICHTEN","description":"Jeanette Neidhardt-Rosenberger Fotografie Bildgeschichten - Momente und Details - Work in Progress und Natur","robots":{"index":"index","follow":"follow","max-snippet":"max-snippet:-1","max-image-preview":"max-image-preview:large","max-video-preview":"max-video-preview:-1"},"canonical":"https:\/\/jeanette-neidhardt.de\/?page_id=920","og_locale":"de_DE","og_type":"article","og_title":"\u00dcber mich &#8902; Jeanette Neidhardt-Rosenberger - BILDGESCHICHTEN","og_description":"Jeanette Neidhardt-Rosenberger Fotografie Bildgeschichten - Momente und Details - Work in Progress und Natur","og_url":"https:\/\/jeanette-neidhardt.de\/?page_id=920","og_site_name":"Jeanette Neidhardt-Rosenberger - BILDGESCHICHTEN","article_modified_time":"2023-07-30T13:30:10+00:00","og_image":[{"url":"https:\/\/jeanette-neidhardt.de\/wp-content\/uploads\/2023\/07\/DSC_4318-1024x683.jpg"}],"twitter_card":"summary_large_image","twitter_misc":{"Gesch\u00e4tzte Lesezeit":"2\u00a0Minuten"},"schema":{"@context":"https:\/\/schema.org","@graph":[{"@type":"WebPage","@id":"https:\/\/jeanette-neidhardt.de\/?page_id=920","url":"https:\/\/jeanette-neidhardt.de\/?page_id=920","name":"\u00dcber mich &#8902; Jeanette Neidhardt-Rosenberger - BILDGESCHICHTEN","isPartOf":{"@id":"https:\/\/jeanette-neidhardt.de\/#website"},"datePublished":"2023-07-30T13:30:09+00:00","dateModified":"2023-07-30T13:30:10+00:00","description":"Jeanette Neidhardt-Rosenberger Fotografie Bildgeschichten - Momente und Details - Work in Progress und Natur","breadcrumb":{"@id":"https:\/\/jeanette-neidhardt.de\/?page_id=920#breadcrumb"},"inLanguage":"de","potentialAction":[{"@type":"ReadAction","target":["https:\/\/jeanette-neidhardt.de\/?page_id=920"]}]},{"@type":"BreadcrumbList","@id":"https:\/\/jeanette-neidhardt.de\/?page_id=920#breadcrumb","itemListElement":[{"@type":"ListItem","position":1,"name":"Startseite","item":"https:\/\/jeanette-neidhardt.de\/"},{"@type":"ListItem","position":2,"name":"\u00dcber mich"}]},{"@type":"WebSite","@id":"https:\/\/jeanette-neidhardt.de\/#website","url":"https:\/\/jeanette-neidhardt.de\/","name":"Jeanette Neidhardt-Rosenberger - BILDGESCHICHTEN","description":"Fotografie - Kunst","publisher":{"@id":"https:\/\/jeanette-neidhardt.de\/#\/schema\/person\/917ead8f6da188cc1733c3d21e85badc"},"potentialAction":[{"@type":"SearchAction","target":{"@type":"EntryPoint","urlTemplate":"https:\/\/jeanette-neidhardt.de\/?s={search_term_string}"},"query-input":"required name=search_term_string"}],"inLanguage":"de"},{"@type":["Person","Organization"],"@id":"https:\/\/jeanette-neidhardt.de\/#\/schema\/person\/917ead8f6da188cc1733c3d21e85badc","name":"Jnr06","image":{"@type":"ImageObject","inLanguage":"de","@id":"https:\/\/jeanette-neidhardt.de\/#\/schema\/person\/image\/","url":"https:\/\/secure.gravatar.com\/avatar\/92fd328eaa01431c3faac6d5392d9273399409f32158d6cf662a4d849b0818d6?s=96&d=mm&r=g","contentUrl":"https:\/\/secure.gravatar.com\/avatar\/92fd328eaa01431c3faac6d5392d9273399409f32158d6cf662a4d849b0818d6?s=96&d=mm&r=g","caption":"Jnr06"},"logo":{"@id":"https:\/\/jeanette-neidhardt.de\/#\/schema\/person\/image\/"}}]}},"_links":{"self":[{"href":"https:\/\/jeanette-neidhardt.de\/index.php?rest_route=\/wp\/v2\/pages\/920","targetHints":{"allow":["GET"]}}],"collection":[{"href":"https:\/\/jeanette-neidhardt.de\/index.php?rest_route=\/wp\/v2\/pages"}],"about":[{"href":"https:\/\/jeanette-neidhardt.de\/index.php?rest_route=\/wp\/v2\/types\/page"}],"author":[{"embeddable":true,"href":"https:\/\/jeanette-neidhardt.de\/index.php?rest_route=\/wp\/v2\/users\/1"}],"replies":[{"embeddable":true,"href":"https:\/\/jeanette-neidhardt.de\/index.php?rest_route=%2Fwp%2Fv2%2Fcomments&post=920"}],"version-history":[{"count":1,"href":"https:\/\/jeanette-neidhardt.de\/index.php?rest_route=\/wp\/v2\/pages\/920\/revisions"}],"predecessor-version":[{"id":922,"href":"https:\/\/jeanette-neidhardt.de\/index.php?rest_route=\/wp\/v2\/pages\/920\/revisions\/922"}],"wp:attachment":[{"href":"https:\/\/jeanette-neidhardt.de\/index.php?rest_route=%2Fwp%2Fv2%2Fmedia&parent=920"}],"curies":[{"name":"wp","href":"https:\/\/api.w.org\/{rel}","templated":true}]}}